{"id":1844,"date":"2023-09-11T09:24:36","date_gmt":"2023-09-11T09:24:36","guid":{"rendered":"https:\/\/www.mountaingoat.it\/?page_id=1844"},"modified":"2023-10-06T10:06:38","modified_gmt":"2023-10-06T10:06:38","slug":"colophon","status":"publish","type":"page","link":"https:\/\/www.mountaingoat.it\/it\/colophon\/","title":{"rendered":"Colophon"},"content":{"rendered":"\t\t<div data-elementor-type=\"wp-page\" data-elementor-id=\"1844\" class=\"elementor elementor-1844 elementor-65\" data-elementor-post-type=\"page\">\n\t\t\t\t\t\t<section class=\"ob-is-breaking-bad elementor-section elementor-top-section elementor-element elementor-element-1c6aeb0b elementor-section-full_width elementor-section-height-min-height elementor-section-height-default elementor-section-items-middle\" data-id=\"1c6aeb0b\" data-element_type=\"section\" data-settings=\"{&quot;background_background&quot;:&quot;slideshow&quot;,&quot;background_slideshow_gallery&quot;:[{&quot;id&quot;:1112,&quot;url&quot;:&quot;https:\\\/\\\/www.mountaingoat.it\\\/wp-content\\\/uploads\\\/2023\\\/09\\\/bacher.jpg&quot;}],&quot;background_slideshow_transition_duration&quot;:100,&quot;_ob_bbad_use_it&quot;:&quot;yes&quot;,&quot;_ob_bbad_sssic_use&quot;:&quot;no&quot;,&quot;_ob_glider_is_slider&quot;:&quot;no&quot;,&quot;background_slideshow_loop&quot;:&quot;yes&quot;,&quot;background_slideshow_slide_duration&quot;:5000,&quot;background_slideshow_slide_transition&quot;:&quot;fade&quot;}\">\n\t\t\t\t\t\t\t<div class=\"elementor-background-overlay\"><\/div>\n\t\t\t\t\t\t\t<div class=\"elementor-container elementor-column-gap-no\">\n\t\t\t\t\t<div class=\"elementor-column elementor-col-100 elementor-top-column elementor-element elementor-element-447ce2ae\" data-id=\"447ce2ae\" data-element_type=\"column\" data-settings=\"{&quot;_ob_bbad_is_stalker&quot;:&quot;no&quot;}\">\n\t\t\t<div class=\"elementor-widget-wrap elementor-element-populated\">\n\t\t\t\t\t\t<div class=\"elementor-element elementor-element-7d5503d4 ob-harakiri-inherit ob-has-background-overlay elementor-widget elementor-widget-heading\" data-id=\"7d5503d4\" data-element_type=\"widget\" data-settings=\"{&quot;_ob_use_harakiri&quot;:&quot;yes&quot;,&quot;_ob_harakiri_writing_mode&quot;:&quot;inherit&quot;,&quot;_ob_harakiri_text_clip&quot;:&quot;none&quot;,&quot;_ob_poopart_use&quot;:&quot;yes&quot;,&quot;_ob_shadough_use&quot;:&quot;no&quot;}\" data-widget_type=\"heading.default\">\n\t\t\t\t<div class=\"elementor-widget-container\">\n\t\t\t\t\t<p class=\"elementor-heading-title elementor-size-default\">Improve. Explore. Smile.<\/p>\t\t\t\t<\/div>\n\t\t\t\t<\/div>\n\t\t\t\t<div class=\"elementor-element elementor-element-1b02bec3 elementor-hidden-mobile elementor-view-default ob-has-background-overlay elementor-widget elementor-widget-icon\" data-id=\"1b02bec3\" data-element_type=\"widget\" data-settings=\"{&quot;_ob_poopart_use&quot;:&quot;yes&quot;,&quot;_ob_shadough_use&quot;:&quot;no&quot;}\" data-widget_type=\"icon.default\">\n\t\t\t\t<div class=\"elementor-widget-container\">\n\t\t\t\t\t\t\t<div class=\"elementor-icon-wrapper\">\n\t\t\t<div class=\"elementor-icon\">\n\t\t\t<svg xmlns=\"http:\/\/www.w3.org\/2000\/svg\" width=\"2560\" height=\"196\" viewBox=\"0 0 2560 196\"><rect id=\"Rechteck_1742\" data-name=\"Rechteck 1742\" width=\"2560\" height=\"196\"><\/rect><\/svg>\t\t\t<\/div>\n\t\t<\/div>\n\t\t\t\t\t\t<\/div>\n\t\t\t\t<\/div>\n\t\t\t\t<div class=\"elementor-element elementor-element-42122d1a ob-has-background-overlay elementor-widget elementor-widget-spacer\" data-id=\"42122d1a\" data-element_type=\"widget\" data-settings=\"{&quot;_ob_poopart_use&quot;:&quot;yes&quot;,&quot;_ob_shadough_use&quot;:&quot;no&quot;}\" data-widget_type=\"spacer.default\">\n\t\t\t\t<div class=\"elementor-widget-container\">\n\t\t\t\t\t\t\t<div class=\"elementor-spacer\">\n\t\t\t<div class=\"elementor-spacer-inner\"><\/div>\n\t\t<\/div>\n\t\t\t\t\t\t<\/div>\n\t\t\t\t<\/div>\n\t\t\t\t\t<\/div>\n\t\t<\/div>\n\t\t\t\t\t<\/div>\n\t\t<\/section>\n\t\t\t\t<section class=\"ob-is-breaking-bad elementor-section elementor-top-section elementor-element elementor-element-797d35bc elementor-section-full_width elementor-section-height-default elementor-section-height-default\" data-id=\"797d35bc\" data-element_type=\"section\" data-settings=\"{&quot;_ob_bbad_use_it&quot;:&quot;yes&quot;,&quot;_ob_bbad_sssic_use&quot;:&quot;no&quot;,&quot;_ob_glider_is_slider&quot;:&quot;no&quot;}\">\n\t\t\t\t\t\t<div class=\"elementor-container elementor-column-gap-no\">\n\t\t\t\t\t<div class=\"elementor-column elementor-col-100 elementor-top-column elementor-element elementor-element-76e2a2e1\" data-id=\"76e2a2e1\" data-element_type=\"column\" data-settings=\"{&quot;background_background&quot;:&quot;classic&quot;,&quot;_ob_bbad_is_stalker&quot;:&quot;no&quot;}\">\n\t\t\t<div class=\"elementor-widget-wrap elementor-element-populated\">\n\t\t\t\t\t\t<div class=\"elementor-element elementor-element-3895564b ob-harakiri-inherit ob-has-background-overlay elementor-widget elementor-widget-heading\" data-id=\"3895564b\" data-element_type=\"widget\" data-settings=\"{&quot;_ob_use_harakiri&quot;:&quot;yes&quot;,&quot;_ob_harakiri_writing_mode&quot;:&quot;inherit&quot;,&quot;_ob_harakiri_text_clip&quot;:&quot;none&quot;,&quot;_ob_poopart_use&quot;:&quot;yes&quot;,&quot;_ob_shadough_use&quot;:&quot;no&quot;}\" data-widget_type=\"heading.default\">\n\t\t\t\t<div class=\"elementor-widget-container\">\n\t\t\t\t\t<h1 class=\"elementor-heading-title elementor-size-default\">Colophon<\/h1>\t\t\t\t<\/div>\n\t\t\t\t<\/div>\n\t\t\t\t<div class=\"elementor-element elementor-element-11624d2a elementor-widget__width-auto elementor-view-default ob-has-background-overlay elementor-widget elementor-widget-icon\" data-id=\"11624d2a\" data-element_type=\"widget\" data-settings=\"{&quot;_ob_poopart_use&quot;:&quot;yes&quot;,&quot;_ob_shadough_use&quot;:&quot;no&quot;}\" data-widget_type=\"icon.default\">\n\t\t\t\t<div class=\"elementor-widget-container\">\n\t\t\t\t\t\t\t<div class=\"elementor-icon-wrapper\">\n\t\t\t<div class=\"elementor-icon\">\n\t\t\t<svg xmlns=\"http:\/\/www.w3.org\/2000\/svg\" width=\"2560\" height=\"196\" viewBox=\"0 0 2560 196\"><rect id=\"Rechteck_1742\" data-name=\"Rechteck 1742\" width=\"2560\" height=\"196\"><\/rect><\/svg>\t\t\t<\/div>\n\t\t<\/div>\n\t\t\t\t\t\t<\/div>\n\t\t\t\t<\/div>\n\t\t\t\t<div class=\"elementor-element elementor-element-75f8d9af ob-harakiri-inherit ob-has-background-overlay elementor-widget elementor-widget-text-editor\" data-id=\"75f8d9af\" data-element_type=\"widget\" data-settings=\"{&quot;_ob_use_harakiri&quot;:&quot;yes&quot;,&quot;_ob_harakiri_writing_mode&quot;:&quot;inherit&quot;,&quot;_ob_poopart_use&quot;:&quot;yes&quot;,&quot;_ob_shadough_use&quot;:&quot;no&quot;}\" data-widget_type=\"text-editor.default\">\n\t\t\t\t<div class=\"elementor-widget-container\">\n\t\t\t\t\t\t\t\t\t<p><strong>Mountain GOAT<\/strong><\/p><p>Casa Vinzenz-Goller<br \/>San Andrea \u2013 Paese 26<br \/>39042 Bressanone<\/p><p><a href=\"call:393476613808\">T +39 347 66 13 808<\/a><br \/>E-Mail <a href=\"mailto:info@mountaingoat.it\">info@mountaingoat.it<\/a><br \/>Codice destinatario: USAL8PV<br \/><a href=\"https:\/\/www.mountaingoat.it\/\" rel=\"\">www.mountaingoat.it<\/a><\/p><p>IVA 03213050218<br \/>Cod. Fisc. 03213050218<\/p><p>Camera di commercio: Bolzano<br \/>Numero iscrizione camera di commercio: 03213050218<br \/>Numero REA: BZ-241492<\/p><p><strong>Copyright per le immagini e grafiche utilizzate:<\/strong><\/p><p>Mountain GOAT<br \/>IDM S\u00fcdtirol-Alto Adige\/Alex Moling<br \/>IDM S\u00fcdtirol-Alto Adige\/Thomas Ondertoller<br \/>IDM S\u00fcdtirol-Alto Adige\/Alex Filz<br \/>IDM S\u00fcdtirol-Alto Adige\/Matt Cherubino<\/p><p><strong>Risoluzione delle controversie<\/strong><\/p><p>Informazioni obbligatorie ai sensi del Regolamento UE n. 524\/2013 del Parlamento e Consiglio europeo. Piattaforma per la risoluzione online delle controversie (ODR) della Commissione europea: <a href=\"https:\/\/ec.europa.eu\/consumers\/odr\/main\/?event=main.trader.register\">https:\/\/ec.europa.eu\/consumers\/odr\/main\/?event=main.trader.register<\/a><\/p><p><strong>Concetto e realizzazione<\/strong><\/p><p>muwit d. sandra stablum<br \/>Citt\u00e1 Alta 60<br \/>39043 Chiusa<br \/>Tel. +39 347 1330206<\/p><p>Part. IVA 02730810211<br \/>Cod. fisc. STB SDR 88 A44 B160 S\u00a0<br \/><a href=\"mailto:info@muwit.it\">info@muwit.it<\/a><br \/><a href=\"http:\/\/www.muwit.it\/\">www.muwit.it<\/a><\/p><p><strong>Responsabile per il contenuto:<\/strong><\/p><p>Thomas Prosch<br \/>Mountain GOAT<\/p><p><strong>Dichiarazione liberatoria:<\/strong><\/p><p><strong>Responsabilit\u00e0 per i contenuti<\/strong><\/p><p>I contenuti delle nostre pagine sono stati redatti, elaborati e controllati scrupolosamente. Tuttavia, non ci assumiamo nessuna responsabilit\u00e0 per la correttezza, qualit\u00e0, completezza e attualit\u00e0 dei contenuti, poich\u00e9 non \u00e8 da escludere che siano cambiati nel tempo. Come prestatori di servizi siamo responsabili per i contenuti di queste pagine in base alla normativa vigente. Nella nostra qualit\u00e0 di prestatori di servizi non siamo per\u00f2 obbligati a controllare l\u2019esattezza di informazioni ricevute o salvate da terzi, o a controllare se sussistano irregolarit\u00e0 che indichino un\u2019attivit\u00e0 illegale. L\u2019obbligo di rimuovere o bloccare l\u2019utilizzo di informazioni secondo la normativa vigente rimane valido. L\u2019assunzione di tale responsabilit\u00e0 \u00e8 tuttavia possibile solamente dopo il momento dell\u2019effettivo riconoscimento da parte nostra di una concreta violazione di diritto. Alla presa d\u2019atto di tali violazioni di legge provvederemo immediatamente alla rimozione dei contenuti in questione.<\/p><p>Si escludono di principio le rivendicazioni di responsabilit\u00e0 di qualsiasi tipo causate dall\u2019utilizzo di informazioni messe a disposizione, oppure da informazioni errate e\/o incomplete.<\/p><p><strong>Responsabilit\u00e0 per i link<\/strong><\/p><p>La nostra offerta contiene dei collegamenti ipertestuali con siti web esterni di terzi, sui cui contenuti non possiamo influire. Per questo motivo non forniamo nessuna garanzia sui contenuti dei siti web linkati, indipendentemente dal tipo e dalla natura. Ne \u00e8 responsabile solamente il relativo proprietario o gestore del sito. Un controllo permanente dei contenuti dei siti linkati al presente non \u00e8 fattibile senza concreti punti di riferimento. All\u2019avvenuta conoscenza d\u2019infrazioni contro la legge causate dai siti web linkati, i link in questione saranno subito rimossi.<\/p><p><strong>Copyright<\/strong><\/p><p>Tutti i contenuti e le opere creati dal web designer e dai gestori del sito sono protetti da copyright. La riproduzione, l\u2019alterazione, la distribuzione e qualsiasi forma di utilizzo, soprattutto per scopi commerciali, al di fuori dei limiti del diritto d\u2019autore, sono severamente vietate e ammesse esclusivamente previa autorizzazione scritta del relativo autore o creatore. Nel caso i contenuti di questa pagina non siano stati creati dal gestore, sono da rispettare i diritti di copyright di terzi. I contenuti redatti da terzi sono contrassegnati come tali. In caso doveste notare una violazione del copyright, vi preghiamo gentilmente di farci pervenire un\u2019apposita segnalazione. All\u2019atto di presa di conoscenza di tali violazioni di legge, i contenuti in questione saranno naturalmente rimossi subito, senza per\u00f2 assumerne nessuna responsabilit\u00e0.<\/p>\t\t\t\t\t\t\t\t<\/div>\n\t\t\t\t<\/div>\n\t\t\t\t\t<\/div>\n\t\t<\/div>\n\t\t\t\t\t<\/div>\n\t\t<\/section>\n\t\t\t\t<\/div>\n\t\t","protected":false},"excerpt":{"rendered":"<p>Improve. Explore. Smile. Colophon Mountain GOAT Casa Vinzenz-GollerSan Andrea \u2013 Paese 2639042 Bressanone T +39 347 66 13 808E-Mail info@mountaingoat.itCodice destinatario: USAL8PVwww.mountaingoat.it IVA 03213050218Cod. Fisc. 03213050218 Camera di commercio: BolzanoNumero iscrizione camera di commercio: 03213050218Numero REA: BZ-241492 Copyright per le immagini e grafiche utilizzate: Mountain GOATIDM S\u00fcdtirol-Alto Adige\/Alex MolingIDM S\u00fcdtirol-Alto Adige\/Thomas OndertollerIDM S\u00fcdtirol-Alto Adige\/Alex FilzIDM [&hellip;]<\/p>\n","protected":false},"author":1,"featured_media":0,"parent":0,"menu_order":0,"comment_status":"closed","ping_status":"closed","template":"","meta":{"_acf_changed":false,"footnotes":""},"class_list":["post-1844","page","type-page","status-publish","hentry"],"acf":[],"yoast_head":"<!-- This site is optimized with the Yoast SEO plugin v21.3 - https:\/\/yoast.com\/wordpress\/plugins\/seo\/ -->\n<title>Mountain GOAT: Colophon<\/title>\n<meta name=\"description\" content=\"Sempre aggiornati e ben organizzati: Mountain GOAT \u00e8 sempre un passo avanti, sia online che offline.\" \/>\n<meta name=\"robots\" content=\"index, follow, max-snippet:-1, max-image-preview:large, max-video-preview:-1\" \/>\n<link rel=\"canonical\" href=\"https:\/\/www.mountaingoat.it\/it\/colophon\/\" \/>\n<meta property=\"og:locale\" content=\"it_IT\" \/>\n<meta property=\"og:type\" content=\"article\" \/>\n<meta property=\"og:title\" content=\"Mountain GOAT: Colophon\" \/>\n<meta property=\"og:description\" content=\"Sempre aggiornati e ben organizzati: Mountain GOAT \u00e8 sempre un passo avanti, sia online che offline.\" \/>\n<meta property=\"og:url\" content=\"https:\/\/www.mountaingoat.it\/it\/colophon\/\" \/>\n<meta property=\"og:site_name\" content=\"mountaingoat.it\" \/>\n<meta property=\"article:modified_time\" content=\"2023-10-06T10:06:38+00:00\" \/>\n<meta name=\"twitter:card\" content=\"summary_large_image\" \/>\n<meta name=\"twitter:label1\" content=\"Tempo di lettura stimato\" \/>\n\t<meta name=\"twitter:data1\" content=\"3 minuti\" \/>\n<script type=\"application\/ld+json\" class=\"yoast-schema-graph\">{\"@context\":\"https:\/\/schema.org\",\"@graph\":[{\"@type\":\"WebPage\",\"@id\":\"https:\/\/www.mountaingoat.it\/it\/colophon\/\",\"url\":\"https:\/\/www.mountaingoat.it\/it\/colophon\/\",\"name\":\"Mountain GOAT: Colophon\",\"isPartOf\":{\"@id\":\"https:\/\/www.mountaingoat.it\/it\/#website\"},\"datePublished\":\"2023-09-11T09:24:36+00:00\",\"dateModified\":\"2023-10-06T10:06:38+00:00\",\"description\":\"Sempre aggiornati e ben organizzati: Mountain GOAT \u00e8 sempre un passo avanti, sia online che offline.\",\"breadcrumb\":{\"@id\":\"https:\/\/www.mountaingoat.it\/it\/colophon\/#breadcrumb\"},\"inLanguage\":\"it-IT\",\"potentialAction\":[{\"@type\":\"ReadAction\",\"target\":[\"https:\/\/www.mountaingoat.it\/it\/colophon\/\"]}]},{\"@type\":\"BreadcrumbList\",\"@id\":\"https:\/\/www.mountaingoat.it\/it\/colophon\/#breadcrumb\",\"itemListElement\":[{\"@type\":\"ListItem\",\"position\":1,\"name\":\"Startseite\",\"item\":\"https:\/\/www.mountaingoat.it\/it\/\"},{\"@type\":\"ListItem\",\"position\":2,\"name\":\"Colophon\"}]},{\"@type\":\"WebSite\",\"@id\":\"https:\/\/www.mountaingoat.it\/it\/#website\",\"url\":\"https:\/\/www.mountaingoat.it\/it\/\",\"name\":\"mountaingoat.it\",\"description\":\"\",\"publisher\":{\"@id\":\"https:\/\/www.mountaingoat.it\/it\/#organization\"},\"potentialAction\":[{\"@type\":\"SearchAction\",\"target\":{\"@type\":\"EntryPoint\",\"urlTemplate\":\"https:\/\/www.mountaingoat.it\/it\/?s={search_term_string}\"},\"query-input\":\"required name=search_term_string\"}],\"inLanguage\":\"it-IT\"},{\"@type\":\"Organization\",\"@id\":\"https:\/\/www.mountaingoat.it\/it\/#organization\",\"name\":\"mountaingoat.it\",\"url\":\"https:\/\/www.mountaingoat.it\/it\/\",\"logo\":{\"@type\":\"ImageObject\",\"inLanguage\":\"it-IT\",\"@id\":\"https:\/\/www.mountaingoat.it\/it\/#\/schema\/logo\/image\/\",\"url\":\"https:\/\/www.mountaingoat.it\/wp-content\/uploads\/2023\/09\/Gruppe-2293@2x.png\",\"contentUrl\":\"https:\/\/www.mountaingoat.it\/wp-content\/uploads\/2023\/09\/Gruppe-2293@2x.png\",\"width\":534,\"height\":470,\"caption\":\"mountaingoat.it\"},\"image\":{\"@id\":\"https:\/\/www.mountaingoat.it\/it\/#\/schema\/logo\/image\/\"},\"sameAs\":[\"https:\/\/www.instagram.com\/skischool_mountain_goat_it\/\"]}]}<\/script>\n<!-- \/ Yoast SEO plugin. -->","yoast_head_json":{"title":"Mountain GOAT: Colophon","description":"Sempre aggiornati e ben organizzati: Mountain GOAT \u00e8 sempre un passo avanti, sia online che offline.","robots":{"index":"index","follow":"follow","max-snippet":"max-snippet:-1","max-image-preview":"max-image-preview:large","max-video-preview":"max-video-preview:-1"},"canonical":"https:\/\/www.mountaingoat.it\/it\/colophon\/","og_locale":"it_IT","og_type":"article","og_title":"Mountain GOAT: Colophon","og_description":"Sempre aggiornati e ben organizzati: Mountain GOAT \u00e8 sempre un passo avanti, sia online che offline.","og_url":"https:\/\/www.mountaingoat.it\/it\/colophon\/","og_site_name":"mountaingoat.it","article_modified_time":"2023-10-06T10:06:38+00:00","twitter_card":"summary_large_image","twitter_misc":{"Tempo di lettura stimato":"3 minuti"},"schema":{"@context":"https:\/\/schema.org","@graph":[{"@type":"WebPage","@id":"https:\/\/www.mountaingoat.it\/it\/colophon\/","url":"https:\/\/www.mountaingoat.it\/it\/colophon\/","name":"Mountain GOAT: Colophon","isPartOf":{"@id":"https:\/\/www.mountaingoat.it\/it\/#website"},"datePublished":"2023-09-11T09:24:36+00:00","dateModified":"2023-10-06T10:06:38+00:00","description":"Sempre aggiornati e ben organizzati: Mountain GOAT \u00e8 sempre un passo avanti, sia online che offline.","breadcrumb":{"@id":"https:\/\/www.mountaingoat.it\/it\/colophon\/#breadcrumb"},"inLanguage":"it-IT","potentialAction":[{"@type":"ReadAction","target":["https:\/\/www.mountaingoat.it\/it\/colophon\/"]}]},{"@type":"BreadcrumbList","@id":"https:\/\/www.mountaingoat.it\/it\/colophon\/#breadcrumb","itemListElement":[{"@type":"ListItem","position":1,"name":"Startseite","item":"https:\/\/www.mountaingoat.it\/it\/"},{"@type":"ListItem","position":2,"name":"Colophon"}]},{"@type":"WebSite","@id":"https:\/\/www.mountaingoat.it\/it\/#website","url":"https:\/\/www.mountaingoat.it\/it\/","name":"mountaingoat.it","description":"","publisher":{"@id":"https:\/\/www.mountaingoat.it\/it\/#organization"},"potentialAction":[{"@type":"SearchAction","target":{"@type":"EntryPoint","urlTemplate":"https:\/\/www.mountaingoat.it\/it\/?s={search_term_string}"},"query-input":"required name=search_term_string"}],"inLanguage":"it-IT"},{"@type":"Organization","@id":"https:\/\/www.mountaingoat.it\/it\/#organization","name":"mountaingoat.it","url":"https:\/\/www.mountaingoat.it\/it\/","logo":{"@type":"ImageObject","inLanguage":"it-IT","@id":"https:\/\/www.mountaingoat.it\/it\/#\/schema\/logo\/image\/","url":"https:\/\/www.mountaingoat.it\/wp-content\/uploads\/2023\/09\/Gruppe-2293@2x.png","contentUrl":"https:\/\/www.mountaingoat.it\/wp-content\/uploads\/2023\/09\/Gruppe-2293@2x.png","width":534,"height":470,"caption":"mountaingoat.it"},"image":{"@id":"https:\/\/www.mountaingoat.it\/it\/#\/schema\/logo\/image\/"},"sameAs":["https:\/\/www.instagram.com\/skischool_mountain_goat_it\/"]}]}},"_links":{"self":[{"href":"https:\/\/www.mountaingoat.it\/it\/wp-json\/wp\/v2\/pages\/1844","targetHints":{"allow":["GET"]}}],"collection":[{"href":"https:\/\/www.mountaingoat.it\/it\/wp-json\/wp\/v2\/pages"}],"about":[{"href":"https:\/\/www.mountaingoat.it\/it\/wp-json\/wp\/v2\/types\/page"}],"author":[{"embeddable":true,"href":"https:\/\/www.mountaingoat.it\/it\/wp-json\/wp\/v2\/users\/1"}],"replies":[{"embeddable":true,"href":"https:\/\/www.mountaingoat.it\/it\/wp-json\/wp\/v2\/comments?post=1844"}],"version-history":[{"count":4,"href":"https:\/\/www.mountaingoat.it\/it\/wp-json\/wp\/v2\/pages\/1844\/revisions"}],"predecessor-version":[{"id":1848,"href":"https:\/\/www.mountaingoat.it\/it\/wp-json\/wp\/v2\/pages\/1844\/revisions\/1848"}],"wp:attachment":[{"href":"https:\/\/www.mountaingoat.it\/it\/wp-json\/wp\/v2\/media?parent=1844"}],"curies":[{"name":"wp","href":"https:\/\/api.w.org\/{rel}","templated":true}]}}